{"id":16,"date":"2018-09-18T15:19:04","date_gmt":"2018-09-18T15:19:04","guid":{"rendered":"https:\/\/etnofon.pl\/?page_id=16"},"modified":"2026-04-08T13:04:23","modified_gmt":"2026-04-08T13:04:23","slug":"kolekcje","status":"publish","type":"page","link":"https:\/\/etnofon.pl\/en\/kolekcje\/","title":{"rendered":"Archival collections"},"content":{"rendered":"\n<p>As part of the project<em> Polish traditional music &#8211; phonographic heritage. Current state, preservation, sharing<\/em>  we started processing valuble resources of many institutions and collections &#8211; some of them weren&#8217;t well-known and also weren&#8217;t prepared for long-term preservation. At the moment we processed and digitisated (partly or fully) the following collections:<\/p>\n\n\n\n<div class=\"wp-block-pb-accordion-item c-accordion__item js-accordion-item no-js\" data-initially-open=\"false\" data-click-to-close=\"true\" data-auto-close=\"true\" data-scroll=\"false\" data-scroll-offset=\"0\"><h3 id=\"at-160\" class=\"c-accordion__title js-accordion-controller\" role=\"button\">Collections from academies and universities<\/h3><div id=\"ac-160\" class=\"c-accordion__content\">\n<ul id=\"block-428693a3-52fc-4469-8f1a-c8b0ac55693b\"><li><a href=\"https:\/\/etnofon.pl\/en\/archiwum\/zbiory-fonograficzne-instytutu-sztuki-polskiej-akademii-nauk\/\" data-type=\"URL\"><span class=\"has-inline-color has-black-color\">Phonographic Collection of the Institute of Art<\/span><\/a><\/li><li><a href=\"https:\/\/etnofon.pl\/en\/archiwum\/archiwum-muzycznego-folkloru-religijnego-w-instytucie-muzykologii-katolickiego-uniwersytetu-lubelskiego\/\" data-type=\"URL\"><span class=\"has-inline-color has-black-color\">Archive of Music Religious Folklore at the Institute of Musicology of KUL<\/span><\/a><\/li><li><a href=\"https:\/\/etnofon.pl\/en\/archiwum\/pracownia-archiwum-etnolingwistyczne-instytutu-filologii-polskiej-uniwersytetu-marii-curie-sklodowskiej-w-lublinie\/\" data-type=\"URL\"><span class=\"has-inline-color has-black-color\">Maria Curie-Sklodowska University. Institute of Polish Philology &#8211; The &#8220;Ethnolinguistic Archive&#8221;<\/span><\/a><\/li><li><a href=\"https:\/\/etnofon.pl\/en\/archiwum\/kolekcja-nagraniowa-ze-zbiorow-uniwersytetu-adama-mickiewicza-w-poznaniu\/\" data-type=\"URL\"><span class=\"has-inline-color has-black-color\">Adam Mickiewicz University in Pozna\u0144. Institute of Musicology. <\/span><\/a><\/li><li><a href=\"https:\/\/etnofon.pl\/en\/archiwum\/nagrania-zakladu-etnomuzykologii-instytutu-muzykologii-uniwersytetu-warszawskiego\/\" data-type=\"URL\"><span class=\"has-inline-color has-black-color\">University of Warsaw. Institute of Musicology.<\/span><\/a><\/li><\/ul>\n\n\n\n<p><\/p>\n<\/div><\/div>\n\n\n\n<div class=\"wp-block-pb-accordion-item c-accordion__item js-accordion-item no-js\" data-initially-open=\"false\" data-click-to-close=\"true\" data-auto-close=\"true\" data-scroll=\"false\" data-scroll-offset=\"0\"><h3 id=\"at-161\" class=\"c-accordion__title js-accordion-controller\" role=\"button\">Music libraries and radio archives<\/h3><div id=\"ac-161\" class=\"c-accordion__content\">\n<ul><li><a href=\"https:\/\/etnofon.pl\/archiwum\/polskie-radio-olsztyn-instytut-sztuki-polskiej-akademii-nauk-zbiory-fonograficzne\/\" data-type=\"URL\" data-id=\"https:\/\/etnofon.pl\/archiwum\/polskie-radio-olsztyn-instytut-sztuki-polskiej-akademii-nauk-zbiory-fonograficzne\/\">Polish Radio Olsztyn (archival collection transferred to the Institute of Art of the Polish Academy of Sciences)<\/a><\/li><\/ul>\n\n\n\n<p><\/p>\n<\/div><\/div>\n\n\n\n<div class=\"wp-block-pb-accordion-item c-accordion__item js-accordion-item no-js\" data-initially-open=\"false\" data-click-to-close=\"true\" data-auto-close=\"true\" data-scroll=\"false\" data-scroll-offset=\"0\"><h3 id=\"at-162\" class=\"c-accordion__title js-accordion-controller\" role=\"button\">Museums collections<\/h3><div id=\"ac-162\" class=\"c-accordion__content\">\n<ul id=\"block-089a7542-96a1-410d-a7a7-cb990a5d88dc\"><li><span class=\"has-inline-color has-black-color\"><a href=\"https:\/\/etnofon.pl\/archiwum\/kolekcja-nagraniowa-franciszka-kotuli-w-muzeum-etnograficznym-w-rzeszowie\/\" data-type=\"URL\" data-id=\"https:\/\/etnofon.pl\/archiwum\/kolekcja-nagraniowa-franciszka-kotuli-w-muzeum-etnograficznym-w-rzeszowie\/\">F. Kotula Ethnographic Museum in Rzesz\u00f3w<\/a><\/span><\/li><li><span class=\"has-inline-color has-black-color\"><a href=\"https:\/\/etnofon.pl\/archiwum\/muzeum-tatrzanskie-w-zakopanem\/\" data-type=\"URL\" data-id=\"https:\/\/etnofon.pl\/archiwum\/muzeum-tatrzanskie-w-zakopanem\/\">The Tatra Museum in Zakopane. Archive.<\/a><\/span><\/li><li><span class=\"has-inline-color has-black-color\"><a href=\"https:\/\/etnofon.pl\/archiwum\/archiwum-dzialu-folkloru-muzeum-etnograficznego-w-toruniu-muzeum-etnograficzne-im-marii-znamierowskiej-prufferowej-w-toruniu-2\/\" data-type=\"URL\" data-id=\"https:\/\/etnofon.pl\/archiwum\/archiwum-dzialu-folkloru-muzeum-etnograficznego-w-toruniu-muzeum-etnograficzne-im-marii-znamierowskiej-prufferowej-w-toruniu-2\/\">The Ethnographic Museum in Toru\u0144. Archives of the Folklore Department.<\/a><\/span><\/li><li><span class=\"has-inline-color has-black-color\"><a href=\"https:\/\/etnofon.pl\/archiwum\/kolekcja-towarzystwa-regionalnego-w-woli-osowinskiej\/\" data-type=\"URL\" data-id=\"https:\/\/etnofon.pl\/archiwum\/kolekcja-towarzystwa-regionalnego-w-woli-osowinskiej\/\">Regional Museum in Wola Osowi\u0144ska<\/a><\/span><\/li><li><span class=\"has-inline-color has-black-color\"><a href=\"https:\/\/etnofon.pl\/archiwum\/archiwum-nagran-muzeum-zamoyskiego\/\" data-type=\"URL\" data-id=\"https:\/\/etnofon.pl\/archiwum\/archiwum-nagran-muzeum-zamoyskiego\/\">Museum of Zamo\u015b\u0107 in Zamo\u015b\u0107<\/a><\/span><\/li><li><span class=\"has-inline-color has-black-color\">Regional Museum in \u0141uk\u00f3w<\/span><\/li><li><span class=\"has-inline-color has-black-color\"><a href=\"https:\/\/etnofon.pl\/archiwum\/muzeum-regionalne-w-wagrowcu\/\" data-type=\"URL\" data-id=\"https:\/\/etnofon.pl\/archiwum\/muzeum-regionalne-w-wagrowcu\/\">Regional Museum in W\u0105growiec<\/a><\/span><\/li><li><span class=\"has-inline-color has-black-color\"><a href=\"https:\/\/etnofon.pl\/archiwum\/etnologisches-museum-staatliche-museen-zu-berlin-berliner-phonogramm-archiv\/\" data-type=\"URL\" data-id=\"https:\/\/etnofon.pl\/archiwum\/etnologisches-museum-staatliche-museen-zu-berlin-berliner-phonogramm-archiv\/\">Etnologisches Museum. Staatliche Museen zu Berlin (Berliner Phonogramm-Archiv) \u2013 collection of polish recordings form Opole Silesia<\/a><\/span><\/li><li><span class=\"has-inline-color has-black-color\"><a href=\"https:\/\/etnofon.pl\/archiwum\/kolekcja-nagran-z-muzeum-poludniowego-podlasia\/\" data-type=\"URL\" data-id=\"https:\/\/etnofon.pl\/archiwum\/kolekcja-nagran-z-muzeum-poludniowego-podlasia\/\">Museum of Southern Podlasie in Bia\u0142a Podlaska<\/a><\/span><\/li><\/ul>\n<\/div><\/div>\n\n\n\n<div class=\"wp-block-pb-accordion-item c-accordion__item js-accordion-item no-js\" data-initially-open=\"false\" data-click-to-close=\"true\" data-auto-close=\"true\" data-scroll=\"false\" data-scroll-offset=\"0\"><h3 id=\"at-163\" class=\"c-accordion__title js-accordion-controller\" role=\"button\">Collections of regional cultural institutions<\/h3><div id=\"ac-163\" class=\"c-accordion__content\">\n<ul id=\"block-fca149db-c0fd-4251-83d1-b11383642d05\"><li><a href=\"https:\/\/etnofon.pl\/archiwum\/centrum-kultury-i-sztuki-w-kaliszu\/\" data-type=\"URL\" data-id=\"https:\/\/etnofon.pl\/archiwum\/centrum-kultury-i-sztuki-w-kaliszu\/\"><span class=\"has-inline-color has-black-color\">Center of Culture and Art in Kalisz<\/span><\/a><\/li><li><a href=\"https:\/\/etnofon.pl\/archiwum\/bukowianskie-centrum-kultury-dom-ludowy\/\" data-type=\"URL\" data-id=\"https:\/\/etnofon.pl\/archiwum\/bukowianskie-centrum-kultury-dom-ludowy\/\"><span class=\"has-inline-color has-black-color\">Center of Culture in Bukowina Tatrza\u0144ska &#8211; People&#8217;s House<\/span><\/a><\/li><\/ul>\n\n\n\n<p><\/p>\n<\/div><\/div>\n\n\n\n<div class=\"wp-block-pb-accordion-item c-accordion__item js-accordion-item no-js\" data-initially-open=\"false\" data-click-to-close=\"true\" data-auto-close=\"true\" data-scroll=\"false\" data-scroll-offset=\"0\"><h3 id=\"at-164\" class=\"c-accordion__title js-accordion-controller\" role=\"button\">Collections of associations, foundations and regional organizations<\/h3><div id=\"ac-164\" class=\"c-accordion__content\">\n<ul id=\"block-63089d5f-5900-499c-856d-fbbdb31427f1\"><li><span class=\"has-inline-color has-black-color\">Association Katedra Kultury in Warsaw. Archive.<\/span><\/li><li><span class=\"has-inline-color has-black-color\"><a href=\"https:\/\/etnofon.pl\/archiwum\/archiwum-nagran-stowarzyszenia-muzykow-ludowych-w-zbaszyniu\/\" data-type=\"URL\" data-id=\"https:\/\/etnofon.pl\/archiwum\/archiwum-nagran-stowarzyszenia-muzykow-ludowych-w-zbaszyniu\/\">Association of Folk Musicians in Zb\u0105szy\u0144<\/a><\/span><\/li><li><span class=\"has-inline-color has-black-color\"><a href=\"https:\/\/etnofon.pl\/archiwum\/kolekcja-nagran-wojciecha-zaleskiego-stowarzyszenie-collegium-suprasliense\/\" data-type=\"URL\" data-id=\"https:\/\/etnofon.pl\/archiwum\/kolekcja-nagran-wojciecha-zaleskiego-stowarzyszenie-collegium-suprasliense\/\">Collegium Suprasliense Association. Wojciech Za\u0142\u0119ski&#8217;s collection.<\/a><\/span><\/li><\/ul>\n\n\n\n<p><\/p>\n<\/div><\/div>\n\n\n\n<div class=\"wp-block-pb-accordion-item c-accordion__item js-accordion-item no-js\" data-initially-open=\"false\" data-click-to-close=\"true\" data-auto-close=\"true\" data-scroll=\"false\" data-scroll-offset=\"0\"><h3 id=\"at-165\" class=\"c-accordion__title js-accordion-controller\" role=\"button\">Private collections<\/h3><div id=\"ac-165\" class=\"c-accordion__content\">\n<ul id=\"block-cfbb39f8-059c-447b-8fd9-ab89febe0194\"><li><span class=\"has-inline-color has-black-color\"><a href=\"https:\/\/etnofon.pl\/archiwum\/kolekcja-nagran-zespolu-bagnosze-poludniowe-podlasie\/\" data-type=\"URL\" data-id=\"https:\/\/etnofon.pl\/archiwum\/kolekcja-nagran-zespolu-bagnosze-poludniowe-podlasie\/\">Recordings of \u201eBagnosze\u201d &#8211; singing ensamble from Drel\u00f3w village &#8211; (Southern Podlasie)<\/a><\/span><\/li><li><span class=\"has-inline-color has-black-color\"><a href=\"https:\/\/etnofon.pl\/archiwum\/archiwalne-nagrania-etnografa-henryka-swiatkowskiego-lowickie-z-prywatnej-kolekcji-nagran-tomasza-swiatkowskiego\/\" data-type=\"URL\" data-id=\"https:\/\/etnofon.pl\/archiwum\/archiwalne-nagrania-etnografa-henryka-swiatkowskiego-lowickie-z-prywatnej-kolekcji-nagran-tomasza-swiatkowskiego\/\">Henryk \u015awi\u0105tkowski&#8217;s collection  (Mazovia, \u0141owicz)<\/a><\/span><\/li><li><span class=\"has-inline-color has-black-color\"><a href=\"https:\/\/etnofon.pl\/archiwum\/kolekcja-nagran-stanislawa-woznicy-mazowsze-wschodnie\/\" data-type=\"URL\" data-id=\"https:\/\/etnofon.pl\/archiwum\/kolekcja-nagran-stanislawa-woznicy-mazowsze-wschodnie\/\">Stanis\u0142aw Wo\u017anica&#8217;s collection  (Eastern Mazovia, Mi\u0144sk Mazowiecki)<\/a><\/span><\/li><li><span class=\"has-inline-color has-black-color\"><a href=\"https:\/\/etnofon.pl\/archiwum\/kolekcja-nagran-wandy-ksiezopolskiej-mazowsze-wschodnie\/\" data-type=\"URL\" data-id=\"https:\/\/etnofon.pl\/archiwum\/kolekcja-nagran-wandy-ksiezopolskiej-mazowsze-wschodnie\/\">Wanda Ksi\u0119\u017copolska&#8217;s collection  (Eastern Mazovia, Siedlce)<\/a><\/span><\/li><li><span class=\"has-inline-color has-black-color\"><a href=\"https:\/\/etnofon.pl\/archiwum\/kolekcja-nagran-zdzislawa-marczuka-pogranicze-mazowsza-podlasia-i-polesia-lubelskiego\/\" data-type=\"URL\" data-id=\"https:\/\/etnofon.pl\/archiwum\/kolekcja-nagran-zdzislawa-marczuka-pogranicze-mazowsza-podlasia-i-polesia-lubelskiego\/\">Zdzis\u0142aw Marczuk&#8217;s collection  (Mazovia, Podlasie and Western Polesie border)<\/a><\/span><\/li><li><span class=\"has-inline-color has-black-color\"><a href=\"https:\/\/etnofon.pl\/archiwum\/kolekcja-nagran-alka-marduly-podhale\/\" data-type=\"URL\" data-id=\"https:\/\/etnofon.pl\/archiwum\/kolekcja-nagran-alka-marduly-podhale\/\">Alek Mardu\u0142a&#8217;s collection (Podhale)<\/a><\/span><\/li><li><span class=\"has-inline-color has-black-color\">Mateusz Jonatan Raszewski&#8217;s collection (Kalisz Region)<\/span><\/li><li><span class=\"has-inline-color has-black-color\">Kazimiera Dominiuk&#8217;s collection (North-West Podlasie)<\/span><\/li><\/ul>\n<\/div><\/div>\n","protected":false},"excerpt":{"rendered":"As part of the project Polish traditional music &#8211; phonographic heritage. Current state, preservation, sharing we started processing valuble resources of many institutions and collections &#8211; some of them weren&#8217;t well-known and also weren&#8217;t prepared for long-term preservation. At the moment we processed and digitisated (partly or fully) the following collections:","protected":false},"author":8,"featured_media":0,"parent":0,"menu_order":3,"comment_status":"closed","ping_status":"closed","template":"colletions.php","meta":[],"translation":{"provider":"WPGlobus","version":"2.8.1","language":"en","enabled_languages":["pl","en"],"languages":{"pl":{"title":true,"content":true,"excerpt":false},"en":{"title":true,"content":true,"excerpt":false}}},"_links":{"self":[{"href":"https:\/\/etnofon.pl\/en\/wp-json\/wp\/v2\/pages\/16"}],"collection":[{"href":"https:\/\/etnofon.pl\/en\/wp-json\/wp\/v2\/pages"}],"about":[{"href":"https:\/\/etnofon.pl\/en\/wp-json\/wp\/v2\/types\/page"}],"author":[{"embeddable":true,"href":"https:\/\/etnofon.pl\/en\/wp-json\/wp\/v2\/users\/8"}],"replies":[{"embeddable":true,"href":"https:\/\/etnofon.pl\/en\/wp-json\/wp\/v2\/comments?post=16"}],"version-history":[{"count":94,"href":"https:\/\/etnofon.pl\/en\/wp-json\/wp\/v2\/pages\/16\/revisions"}],"predecessor-version":[{"id":6813,"href":"https:\/\/etnofon.pl\/en\/wp-json\/wp\/v2\/pages\/16\/revisions\/6813"}],"wp:attachment":[{"href":"https:\/\/etnofon.pl\/en\/wp-json\/wp\/v2\/media?parent=16"}],"curies":[{"name":"wp","href":"https:\/\/api.w.org\/{rel}","templated":true}]}}